{"id":2483,"date":"2022-09-21T09:52:43","date_gmt":"2022-09-21T07:52:43","guid":{"rendered":"https:\/\/halarokujunior.fsv.cvut.cz\/?page_id=2483"},"modified":"2025-12-09T11:14:11","modified_gmt":"2025-12-09T10:14:11","slug":"homepage","status":"publish","type":"page","link":"https:\/\/halarokujunior.fsv.cvut.cz\/en\/","title":{"rendered":"HomePage"},"content":{"rendered":"<div data-elementor-type=\"wp-page\" data-elementor-id=\"2483\" class=\"elementor elementor-2483 elementor-15\" data-elementor-post-type=\"page\">\n\t\t\t\t\t\t<section class=\"elementor-section elementor-top-section elementor-element elementor-element-869c113 elementor-section-height-min-height elementor-section-boxed elementor-section-height-default elementor-section-items-middle\" data-id=\"869c113\" data-element_type=\"section\" data-e-type=\"section\" data-settings=\"{&quot;background_background&quot;:&quot;classic&quot;}\">\n\t\t\t\t\t\t\t<div class=\"elementor-background-overlay\"><\/div>\n\t\t\t\t\t\t\t<div class=\"elementor-container elementor-column-gap-wide\">\n\t\t\t\t\t<div class=\"elementor-column elementor-col-100 elementor-top-column elementor-element elementor-element-366abac\" data-id=\"366abac\" data-element_type=\"column\" data-e-type=\"column\">\n\t\t\t<div class=\"elementor-widget-wrap elementor-element-populated\">\n\t\t\t\t\t\t<div class=\"elementor-element elementor-element-813833a elementor-widget elementor-widget-image\" data-id=\"813833a\" data-element_type=\"widget\" data-e-type=\"widget\" data-widget_type=\"image.default\">\n\t\t\t\t<div class=\"elementor-widget-container\">\n\t\t\t\t\t<img fetchpriority=\"high\" decoding=\"async\" width=\"729\" height=\"191\" src=\"https:\/\/halarokujunior.fsv.cvut.cz\/wp-content\/uploads\/2025\/12\/logo_bila-HR-junior-Structure-Challenge_2026.svg\" class=\"attachment-large size-large wp-image-2687\" alt=\"\" \/>\t\t\t\t<\/div>\n\t\t\t\t<\/div>\n\t\t\t\t<div class=\"elementor-element elementor-element-04b96eb elementor-widget__width-initial elementor-icon-list--layout-traditional elementor-list-item-link-full_width elementor-widget elementor-widget-icon-list\" data-id=\"04b96eb\" data-element_type=\"widget\" data-e-type=\"widget\" data-widget_type=\"icon-list.default\">\n\t\t\t\t<div class=\"elementor-widget-container\">\n\t\t\t\t\t<ul class=\"elementor-icon-list-items\">\n\t\t\t\t\t\t\t<li class=\"elementor-icon-list-item\">\n\t\t\t\t\t\t\t\t\t\t\t<a href=\"https:\/\/halaroku-app.fsv.cvut.cz\/cs\" target=\"_blank\" rel=\"noopener\">\n\n\t\t\t\t\t\t\t\t\t\t\t\t<span class=\"elementor-icon-list-icon\">\n\t\t\t\t\t\t\t<i aria-hidden=\"true\" class=\"fas fa-user-circle\"><\/i>\t\t\t\t\t\t<\/span>\n\t\t\t\t\t\t\t\t\t\t<span class=\"elementor-icon-list-text\">Moje Hala<p class=\"pr\">P\u0159ihl\u00e1\u0161en\u00ed<\/p><\/span>\n\t\t\t\t\t\t\t\t\t\t\t<\/a>\n\t\t\t\t\t\t\t\t\t<\/li>\n\t\t\t\t\t\t<\/ul>\t\t\t\t<\/div>\n\t\t\t\t<\/div>\n\t\t\t\t\t<\/div>\n\t\t<\/div>\n\t\t\t\t\t<\/div>\n\t\t<\/section>\n\t\t\t\t<section class=\"elementor-section elementor-top-section elementor-element elementor-element-2a3abed elementor-hidden-desktop elementor-hidden-tablet elementor-hidden-mobile elementor-section-boxed elementor-section-height-default elementor-section-height-default\" data-id=\"2a3abed\" data-element_type=\"section\" data-e-type=\"section\" data-settings=\"{&quot;background_background&quot;:&quot;classic&quot;}\">\n\t\t\t\t\t\t<div class=\"elementor-container elementor-column-gap-default\">\n\t\t\t\t\t<div class=\"elementor-column elementor-col-100 elementor-top-column elementor-element elementor-element-ce51625\" data-id=\"ce51625\" data-element_type=\"column\" data-e-type=\"column\">\n\t\t\t<div class=\"elementor-widget-wrap elementor-element-populated\">\n\t\t\t\t\t\t<div class=\"elementor-element elementor-element-a446e7e elementor-widget elementor-widget-text-editor\" data-id=\"a446e7e\" data-element_type=\"widget\" data-e-type=\"widget\" data-widget_type=\"text-editor.default\">\n\t\t\t\t<div class=\"elementor-widget-container\">\n\t\t\t\t\t<p><strong>POZOR!<br \/>Prodlu\u017eujeme term\u00edn p\u0159ihla\u0161ov\u00e1n\u00ed do 24.&nbsp;3.&nbsp;2025 do 12:00<\/strong><\/p>\t\t\t\t<\/div>\n\t\t\t\t<\/div>\n\t\t\t\t\t<\/div>\n\t\t<\/div>\n\t\t\t\t\t<\/div>\n\t\t<\/section>\n\t\t\t\t<section class=\"elementor-section elementor-top-section elementor-element elementor-element-5b71d56 elementor-section-boxed elementor-section-height-default elementor-section-height-default\" data-id=\"5b71d56\" data-element_type=\"section\" data-e-type=\"section\">\n\t\t\t\t\t\t<div class=\"elementor-container elementor-column-gap-wide\">\n\t\t\t\t\t<div class=\"elementor-column elementor-col-100 elementor-top-column elementor-element elementor-element-1123e49\" data-id=\"1123e49\" data-element_type=\"column\" data-e-type=\"column\">\n\t\t\t<div class=\"elementor-widget-wrap elementor-element-populated\">\n\t\t\t\t\t\t<div class=\"elementor-element elementor-element-c90bb59 elementor-widget elementor-widget-heading\" data-id=\"c90bb59\" data-element_type=\"widget\" data-e-type=\"widget\" data-widget_type=\"heading.default\">\n\t\t\t\t<div class=\"elementor-widget-container\">\n\t\t\t\t\t<h2 class=\"elementor-heading-title elementor-size-default\">COMPETITION FOR HIGH SCHOOL STUDENTS <\/h2>\t\t\t\t<\/div>\n\t\t\t\t<\/div>\n\t\t\t\t<div class=\"elementor-element elementor-element-aefb00d elementor-widget__width-initial elementor-widget elementor-widget-heading\" data-id=\"aefb00d\" data-element_type=\"widget\" data-e-type=\"widget\" data-widget_type=\"heading.default\">\n\t\t\t\t<div class=\"elementor-widget-container\">\n\t\t\t\t\t<h2 class=\"elementor-heading-title elementor-size-default\">Build a model and load it to the point of collapse <br>\nHala roku Junior<\/h2>\t\t\t\t<\/div>\n\t\t\t\t<\/div>\n\t\t\t\t<div class=\"elementor-element elementor-element-95580a5 elementor-hidden-desktop elementor-hidden-tablet elementor-hidden-mobile elementor-widget elementor-widget-text-editor\" data-id=\"95580a5\" data-element_type=\"widget\" data-e-type=\"widget\" data-widget_type=\"text-editor.default\">\n\t\t\t\t<div class=\"elementor-widget-container\">\n\t\t\t\t\t<p>Sout\u011b\u017e Hala roku Junior je ur\u010dena student\u016fm st\u0159edn\u00edch \u0161kol.<br \/>\u00dakolem sout\u011b\u017e\u00edc\u00edch je navrhnout a vyrobit model stavebn\u00ed konstrukce dle konkr\u00e9tn\u00edho zad\u00e1n\u00ed a ten podrobit zat\u011b\u017eovac\u00ed zkou\u0161ce.<\/p>\t\t\t\t<\/div>\n\t\t\t\t<\/div>\n\t\t\t\t<div class=\"elementor-element elementor-element-a7a7eea elementor-widget elementor-widget-text-editor\" data-id=\"a7a7eea\" data-element_type=\"widget\" data-e-type=\"widget\" data-widget_type=\"text-editor.default\">\n\t\t\t\t<div class=\"elementor-widget-container\">\n\t\t\t\t\t<p>The Hala roku Junior is an international competition for high school students\u00a0 organized under the patronage of the Dean of the Faculty of Civil Engineering CTU in Prague and <a href=\"https:\/\/www-ckait-cz.translate.goog\/?_x_tr_sl=cs&amp;_x_tr_tl=en&amp;_x_tr_hl=cs\" target=\"_blank\" rel=\"noopener\"><span style=\"text-decoration: underline;\">The Czech Chamber of Chartered Engineers and Technicians<\/span><\/a>.<\/p><p>The contestants\u2019 task is to design and build a model of a building structure following the specific assignment instructions and then to subject it to a load test.<\/p>\t\t\t\t<\/div>\n\t\t\t\t<\/div>\n\t\t\t\t<div class=\"elementor-element elementor-element-eb0a53e elementor-align-center elementor-widget elementor-widget-button\" data-id=\"eb0a53e\" data-element_type=\"widget\" data-e-type=\"widget\" data-widget_type=\"button.default\">\n\t\t\t\t<div class=\"elementor-widget-container\">\n\t\t\t\t\t<div class=\"elementor-button-wrapper\">\n\t\t\t\t\t<a class=\"elementor-button elementor-button-link elementor-size-sm\" href=\"https:\/\/halarokujunior.fsv.cvut.cz\/en\/about\/\">\n\t\t\t\t\t\t<span class=\"elementor-button-content-wrapper\">\n\t\t\t\t\t\t\t\t\t<span class=\"elementor-button-text\">More about the competition<\/span>\n\t\t\t\t\t<\/span>\n\t\t\t\t\t<\/a>\n\t\t\t\t<\/div>\t\t\t\t<\/div>\n\t\t\t\t<\/div>\n\t\t\t\t<div class=\"elementor-element elementor-element-4970fdb elementor-widget elementor-widget-jet-listing-grid\" data-id=\"4970fdb\" data-element_type=\"widget\" data-e-type=\"widget\" data-settings=\"{&quot;columns&quot;:&quot;1&quot;}\" data-widget_type=\"jet-listing-grid.default\">\n\t\t\t\t<div class=\"elementor-widget-container\">\n\t\t\t\t\t<div class=\"jet-listing-grid jet-listing\"><div class=\"jet-listing-grid__items grid-col-desk-1 grid-col-tablet-1 grid-col-mobile-1 jet-listing-grid--807\" data-queried-id=\"2483|WP_Post\" data-nav=\"{&quot;enabled&quot;:false,&quot;type&quot;:null,&quot;more_el&quot;:null,&quot;query&quot;:[],&quot;widget_settings&quot;:{&quot;lisitng_id&quot;:807,&quot;posts_num&quot;:1,&quot;columns&quot;:1,&quot;columns_tablet&quot;:1,&quot;columns_mobile&quot;:1,&quot;column_min_width&quot;:240,&quot;column_min_width_tablet&quot;:240,&quot;column_min_width_mobile&quot;:240,&quot;inline_columns_css&quot;:false,&quot;is_archive_template&quot;:&quot;&quot;,&quot;post_status&quot;:[&quot;publish&quot;],&quot;use_random_posts_num&quot;:&quot;&quot;,&quot;max_posts_num&quot;:9,&quot;not_found_message&quot;:&quot;No data was found&quot;,&quot;is_masonry&quot;:false,&quot;equal_columns_height&quot;:&quot;&quot;,&quot;use_load_more&quot;:&quot;&quot;,&quot;load_more_id&quot;:&quot;&quot;,&quot;load_more_type&quot;:&quot;click&quot;,&quot;load_more_offset&quot;:null,&quot;use_custom_post_types&quot;:&quot;&quot;,&quot;custom_post_types&quot;:[],&quot;hide_widget_if&quot;:&quot;&quot;,&quot;carousel_enabled&quot;:&quot;&quot;,&quot;slides_to_scroll&quot;:&quot;1&quot;,&quot;arrows&quot;:&quot;true&quot;,&quot;arrow_icon&quot;:&quot;fa fa-angle-left&quot;,&quot;dots&quot;:&quot;&quot;,&quot;autoplay&quot;:&quot;true&quot;,&quot;pause_on_hover&quot;:&quot;true&quot;,&quot;autoplay_speed&quot;:5000,&quot;infinite&quot;:&quot;true&quot;,&quot;center_mode&quot;:&quot;&quot;,&quot;effect&quot;:&quot;slide&quot;,&quot;speed&quot;:500,&quot;inject_alternative_items&quot;:&quot;&quot;,&quot;injection_items&quot;:[],&quot;scroll_slider_enabled&quot;:&quot;&quot;,&quot;scroll_slider_on&quot;:[&quot;desktop&quot;,&quot;tablet&quot;,&quot;mobile&quot;],&quot;custom_query&quot;:false,&quot;custom_query_id&quot;:&quot;&quot;,&quot;_element_id&quot;:&quot;&quot;,&quot;collapse_first_last_gap&quot;:false,&quot;list_tag_selection&quot;:&quot;&quot;,&quot;list_items_wrapper_tag&quot;:&quot;div&quot;,&quot;list_item_tag&quot;:&quot;div&quot;,&quot;empty_items_wrapper_tag&quot;:&quot;div&quot;}}\" data-page=\"1\" data-pages=\"1\" data-listing-source=\"posts\" data-listing-id=\"807\" data-query-id=\"\"><div class=\"jet-listing-grid__item jet-listing-dynamic-post-2653\" data-post-id=\"2653\"  ><style type=\"text\/css\">.jet-listing-dynamic-post-2653 .elementor-element.elementor-element-e186178:not(.elementor-motion-effects-element-type-background) > .elementor-widget-wrap, .jet-listing-dynamic-post-2653 .elementor-element.elementor-element-e186178 > .elementor-widget-wrap > .elementor-motion-effects-container > .elementor-motion-effects-layer{background-image:url(\"https:\/\/halarokujunior.fsv.cvut.cz\/wp-content\/uploads\/2022\/11\/kontakt-1.jpg\");}<\/style><div data-elementor-type=\"jet-listing-items\" data-elementor-id=\"807\" class=\"elementor elementor-807\" data-elementor-post-type=\"jet-engine\">\n\t\t\t\t\t\t<section class=\"elementor-section elementor-top-section elementor-element elementor-element-b8ac548 elementor-reverse-mobile elementor-section-boxed elementor-section-height-default elementor-section-height-default\" data-id=\"b8ac548\" data-element_type=\"section\" data-e-type=\"section\">\n\t\t\t\t\t\t<div class=\"elementor-container elementor-column-gap-default\">\n\t\t\t\t\t<div class=\"make-column-clickable-elementor elementor-column elementor-col-50 elementor-top-column elementor-element elementor-element-b77ff9d\" style=\"cursor: pointer;\" data-column-clickable=\"https:\/\/halarokujunior.fsv.cvut.cz\/en\/the-competition-will-take-place-on-15-4-2026\/\" data-column-clickable-blank=\"_self\" data-id=\"b77ff9d\" data-element_type=\"column\" data-e-type=\"column\" data-settings=\"{&quot;background_background&quot;:&quot;classic&quot;}\">\n\t\t\t<div class=\"elementor-widget-wrap elementor-element-populated\">\n\t\t\t\t\t\t<div class=\"elementor-element elementor-element-3572c12 elementor-widget elementor-widget-heading\" data-id=\"3572c12\" data-element_type=\"widget\" data-e-type=\"widget\" data-widget_type=\"heading.default\">\n\t\t\t\t<div class=\"elementor-widget-container\">\n\t\t\t\t\t<p class=\"elementor-heading-title elementor-size-default\"><a href=\"https:\/\/halarokujunior.fsv.cvut.cz\/en\/the-competition-will-take-place-on-15-4-2026\/\">The competition will take place on 15.&nbsp;4.&nbsp;2026<\/a><\/p>\t\t\t\t<\/div>\n\t\t\t\t<\/div>\n\t\t\t\t<div class=\"elementor-element elementor-element-6141732 elementor-widget elementor-widget-text-editor\" data-id=\"6141732\" data-element_type=\"widget\" data-e-type=\"widget\" data-widget_type=\"text-editor.default\">\n\t\t\t\t<div class=\"elementor-widget-container\">\n\t\t\t\t\tMake a team of 2 &#8211; 3 students for the Hala roku Junior STRUCTURE CHALLENGE 2026 student competition! <br><br>\r\n\r\nHesitate? See <a href=\"https:\/\/media.cvut.cz\/cs\/foto\/20250411-hala-roku-junior-2025\" target=\"_blank\" rel=\"noopener\">the photos<\/a> from last year.\t\t\t\t<\/div>\n\t\t\t\t<\/div>\n\t\t\t\t\t<\/div>\n\t\t<\/div>\n\t\t\t\t<div class=\"make-column-clickable-elementor elementor-column elementor-col-50 elementor-top-column elementor-element elementor-element-e186178\" style=\"cursor: pointer;\" data-column-clickable=\"https:\/\/halarokujunior.fsv.cvut.cz\/en\/the-competition-will-take-place-on-15-4-2026\/\" data-column-clickable-blank=\"_self\" data-id=\"e186178\" data-element_type=\"column\" data-e-type=\"column\" data-settings=\"{&quot;background_background&quot;:&quot;classic&quot;}\">\n\t\t\t<div class=\"elementor-widget-wrap elementor-element-populated\">\n\t\t\t\t\t\t<div class=\"elementor-element elementor-element-0c33651 elementor-widget elementor-widget-video\" data-id=\"0c33651\" data-element_type=\"widget\" data-e-type=\"widget\" data-settings=\"{&quot;youtube_url&quot;:&quot;https:\\\/\\\/youtu.be\\\/ALNm7Mkh2HY&quot;,&quot;yt_privacy&quot;:&quot;yes&quot;,&quot;video_type&quot;:&quot;youtube&quot;,&quot;controls&quot;:&quot;yes&quot;}\" data-widget_type=\"video.default\">\n\t\t\t\t<div class=\"elementor-widget-container\">\n\t\t\t\t\t<div class=\"elementor-wrapper elementor-open-inline\">\n\t\t\t<div class=\"elementor-video\"><\/div>\t\t<\/div>\t\t\t\t<\/div>\n\t\t\t\t<\/div>\n\t\t\t\t\t<\/div>\n\t\t<\/div>\n\t\t\t\t\t<\/div>\n\t\t<\/section>\n\t\t\t\t<\/div><\/div><\/div><\/div>\t\t\t\t<\/div>\n\t\t\t\t<\/div>\n\t\t\t\t\t<\/div>\n\t\t<\/div>\n\t\t\t\t\t<\/div>\n\t\t<\/section>\n\t\t\t\t<section class=\"elementor-section elementor-top-section elementor-element elementor-element-e8658b9 elementor-section-boxed elementor-section-height-default elementor-section-height-default\" data-id=\"e8658b9\" data-element_type=\"section\" data-e-type=\"section\">\n\t\t\t\t\t\t<div class=\"elementor-container elementor-column-gap-wide\">\n\t\t\t\t\t<div class=\"elementor-column elementor-col-33 elementor-top-column elementor-element elementor-element-f2f5ae1\" data-id=\"f2f5ae1\" data-element_type=\"column\" data-e-type=\"column\">\n\t\t\t<div class=\"elementor-widget-wrap elementor-element-populated\">\n\t\t\t\t\t\t<div class=\"elementor-element elementor-element-a1b1e92 elementor-widget elementor-widget-image\" data-id=\"a1b1e92\" data-element_type=\"widget\" data-e-type=\"widget\" data-widget_type=\"image.default\">\n\t\t\t\t<div class=\"elementor-widget-container\">\n\t\t\t\t\t<img decoding=\"async\" width=\"800\" height=\"533\" src=\"https:\/\/halarokujunior.fsv.cvut.cz\/wp-content\/uploads\/2022\/10\/hp-aktuality-lq.jpg\" class=\"attachment-large size-large wp-image-2480\" alt=\"\" srcset=\"https:\/\/halarokujunior.fsv.cvut.cz\/wp-content\/uploads\/2022\/10\/hp-aktuality-lq.jpg 800w, https:\/\/halarokujunior.fsv.cvut.cz\/wp-content\/uploads\/2022\/10\/hp-aktuality-lq-300x200.jpg 300w, https:\/\/halarokujunior.fsv.cvut.cz\/wp-content\/uploads\/2022\/10\/hp-aktuality-lq-768x512.jpg 768w\" sizes=\"(max-width: 800px) 100vw, 800px\" \/>\t\t\t\t<\/div>\n\t\t\t\t<\/div>\n\t\t\t\t<div class=\"elementor-element elementor-element-6b35504 elementor-widget elementor-widget-heading\" data-id=\"6b35504\" data-element_type=\"widget\" data-e-type=\"widget\" data-widget_type=\"heading.default\">\n\t\t\t\t<div class=\"elementor-widget-container\">\n\t\t\t\t\t<h3 class=\"elementor-heading-title elementor-size-default\">News<\/h3>\t\t\t\t<\/div>\n\t\t\t\t<\/div>\n\t\t\t\t<div class=\"elementor-element elementor-element-cf20f0b elementor-widget elementor-widget-text-editor\" data-id=\"cf20f0b\" data-element_type=\"widget\" data-e-type=\"widget\" data-widget_type=\"text-editor.default\">\n\t\t\t\t<div class=\"elementor-widget-container\">\n\t\t\t\t\t<p>Information on important deadlines and competition day\u2019s programme<\/p>\t\t\t\t<\/div>\n\t\t\t\t<\/div>\n\t\t\t\t<div class=\"elementor-element elementor-element-d45a8ff elementor-widget elementor-widget-text-editor\" data-id=\"d45a8ff\" data-element_type=\"widget\" data-e-type=\"widget\" data-widget_type=\"text-editor.default\">\n\t\t\t\t<div class=\"elementor-widget-container\">\n\t\t\t\t\t<p><a href=\"https:\/\/halarokujunior.fsv.cvut.cz\/en\/news\/\"><u>All news<\/u><\/a><\/p>\t\t\t\t<\/div>\n\t\t\t\t<\/div>\n\t\t\t\t\t<\/div>\n\t\t<\/div>\n\t\t\t\t<div class=\"elementor-column elementor-col-33 elementor-top-column elementor-element elementor-element-59379a8\" data-id=\"59379a8\" data-element_type=\"column\" data-e-type=\"column\">\n\t\t\t<div class=\"elementor-widget-wrap elementor-element-populated\">\n\t\t\t\t\t\t<div class=\"elementor-element elementor-element-d1e5644 elementor-widget elementor-widget-image\" data-id=\"d1e5644\" data-element_type=\"widget\" data-e-type=\"widget\" data-widget_type=\"image.default\">\n\t\t\t\t<div class=\"elementor-widget-container\">\n\t\t\t\t\t<img decoding=\"async\" width=\"800\" height=\"534\" src=\"https:\/\/halarokujunior.fsv.cvut.cz\/wp-content\/uploads\/2022\/10\/hp-pravidla-lq.jpg\" class=\"attachment-large size-large wp-image-2481\" alt=\"\" srcset=\"https:\/\/halarokujunior.fsv.cvut.cz\/wp-content\/uploads\/2022\/10\/hp-pravidla-lq.jpg 800w, https:\/\/halarokujunior.fsv.cvut.cz\/wp-content\/uploads\/2022\/10\/hp-pravidla-lq-300x200.jpg 300w, https:\/\/halarokujunior.fsv.cvut.cz\/wp-content\/uploads\/2022\/10\/hp-pravidla-lq-768x513.jpg 768w\" sizes=\"(max-width: 800px) 100vw, 800px\" \/>\t\t\t\t<\/div>\n\t\t\t\t<\/div>\n\t\t\t\t<div class=\"elementor-element elementor-element-111cd73 elementor-widget elementor-widget-heading\" data-id=\"111cd73\" data-element_type=\"widget\" data-e-type=\"widget\" data-widget_type=\"heading.default\">\n\t\t\t\t<div class=\"elementor-widget-container\">\n\t\t\t\t\t<h3 class=\"elementor-heading-title elementor-size-default\">Rules &amp; FAQ<\/h3>\t\t\t\t<\/div>\n\t\t\t\t<\/div>\n\t\t\t\t<div class=\"elementor-element elementor-element-80ad348 elementor-widget elementor-widget-text-editor\" data-id=\"80ad348\" data-element_type=\"widget\" data-e-type=\"widget\" data-widget_type=\"text-editor.default\">\n\t\t\t\t<div class=\"elementor-widget-container\">\n\t\t\t\t\t<p>Rules and further specifications of rules based on your questions<\/p>\t\t\t\t<\/div>\n\t\t\t\t<\/div>\n\t\t\t\t<div class=\"elementor-element elementor-element-17fa150 elementor-widget elementor-widget-text-editor\" data-id=\"17fa150\" data-element_type=\"widget\" data-e-type=\"widget\" data-widget_type=\"text-editor.default\">\n\t\t\t\t<div class=\"elementor-widget-container\">\n\t\t\t\t\t<p><a href=\"https:\/\/halarokujunior.fsv.cvut.cz\/en\/rules\/\"><span style=\"text-decoration: underline;\">View rules<\/span><\/a><\/p>\t\t\t\t<\/div>\n\t\t\t\t<\/div>\n\t\t\t\t\t<\/div>\n\t\t<\/div>\n\t\t\t\t<div class=\"elementor-column elementor-col-33 elementor-top-column elementor-element elementor-element-0e8f28c\" data-id=\"0e8f28c\" data-element_type=\"column\" data-e-type=\"column\">\n\t\t\t<div class=\"elementor-widget-wrap elementor-element-populated\">\n\t\t\t\t\t\t<div class=\"elementor-element elementor-element-776f3c0 elementor-widget elementor-widget-image\" data-id=\"776f3c0\" data-element_type=\"widget\" data-e-type=\"widget\" data-widget_type=\"image.default\">\n\t\t\t\t<div class=\"elementor-widget-container\">\n\t\t\t\t\t<img loading=\"lazy\" decoding=\"async\" width=\"800\" height=\"533\" src=\"https:\/\/halarokujunior.fsv.cvut.cz\/wp-content\/uploads\/2022\/10\/hp-ceny-lq.jpg\" class=\"attachment-large size-large wp-image-2472\" alt=\"\" srcset=\"https:\/\/halarokujunior.fsv.cvut.cz\/wp-content\/uploads\/2022\/10\/hp-ceny-lq.jpg 800w, https:\/\/halarokujunior.fsv.cvut.cz\/wp-content\/uploads\/2022\/10\/hp-ceny-lq-300x200.jpg 300w, https:\/\/halarokujunior.fsv.cvut.cz\/wp-content\/uploads\/2022\/10\/hp-ceny-lq-768x512.jpg 768w\" sizes=\"(max-width: 800px) 100vw, 800px\" \/>\t\t\t\t<\/div>\n\t\t\t\t<\/div>\n\t\t\t\t<div class=\"elementor-element elementor-element-e100213 elementor-widget elementor-widget-heading\" data-id=\"e100213\" data-element_type=\"widget\" data-e-type=\"widget\" data-widget_type=\"heading.default\">\n\t\t\t\t<div class=\"elementor-widget-container\">\n\t\t\t\t\t<h3 class=\"elementor-heading-title elementor-size-default\">Prizes<\/h3>\t\t\t\t<\/div>\n\t\t\t\t<\/div>\n\t\t\t\t<div class=\"elementor-element elementor-element-85a8c22 elementor-hidden-desktop elementor-hidden-tablet elementor-hidden-mobile elementor-widget elementor-widget-text-editor\" data-id=\"85a8c22\" data-element_type=\"widget\" data-e-type=\"widget\" data-widget_type=\"text-editor.default\">\n\t\t\t\t<div class=\"elementor-widget-container\">\n\t\t\t\t\t<p>Ceny p\u0159ipravujeme&#8230;<\/p>\t\t\t\t<\/div>\n\t\t\t\t<\/div>\n\t\t\t\t<div class=\"elementor-element elementor-element-0382672 elementor-widget elementor-widget-text-editor\" data-id=\"0382672\" data-element_type=\"widget\" data-e-type=\"widget\" data-widget_type=\"text-editor.default\">\n\t\t\t\t<div class=\"elementor-widget-container\">\n\t\t\t\t\t<p>1<sup>st<\/sup> prize 30.000 CZK<br \/>2<sup>nd<\/sup> prize 15.000 CZK<br \/>3<sup>rd<\/sup> prize 10.000 CZK<br \/>\u2026 and more<\/p>\t\t\t\t<\/div>\n\t\t\t\t<\/div>\n\t\t\t\t<div class=\"elementor-element elementor-element-1b4bccf elementor-widget elementor-widget-text-editor\" data-id=\"1b4bccf\" data-element_type=\"widget\" data-e-type=\"widget\" data-widget_type=\"text-editor.default\">\n\t\t\t\t<div class=\"elementor-widget-container\">\n\t\t\t\t\t<p><a href=\"https:\/\/halarokujunior.fsv.cvut.cz\/en\/prizes\/\"><span style=\"text-decoration: underline;\">Competition prizes overview<\/span><\/a><\/p>\t\t\t\t<\/div>\n\t\t\t\t<\/div>\n\t\t\t\t\t<\/div>\n\t\t<\/div>\n\t\t\t\t\t<\/div>\n\t\t<\/section>\n\t\t\t\t<section class=\"elementor-section elementor-top-section elementor-element elementor-element-65804f8 elementor-hidden-desktop elementor-hidden-tablet elementor-hidden-mobile elementor-section-boxed elementor-section-height-default elementor-section-height-default\" data-id=\"65804f8\" data-element_type=\"section\" data-e-type=\"section\">\n\t\t\t\t\t\t<div class=\"elementor-container elementor-column-gap-wide\">\n\t\t\t\t\t<div class=\"elementor-column elementor-col-100 elementor-top-column elementor-element elementor-element-84e7912\" data-id=\"84e7912\" data-element_type=\"column\" data-e-type=\"column\">\n\t\t\t<div class=\"elementor-widget-wrap elementor-element-populated\">\n\t\t\t\t\t\t<div class=\"elementor-element elementor-element-e6c088f elementor-widget elementor-widget-image\" data-id=\"e6c088f\" data-element_type=\"widget\" data-e-type=\"widget\" data-widget_type=\"image.default\">\n\t\t\t\t<div class=\"elementor-widget-container\">\n\t\t\t\t\t<a href=\"https:\/\/www.fsv.cvut.cz\/\" target=\"_blank\" rel=\"noopener\">\n\t\t\t\t\t\t\t<img loading=\"lazy\" decoding=\"async\" width=\"1200\" height=\"485\" src=\"https:\/\/halarokujunior.fsv.cvut.cz\/wp-content\/uploads\/2022\/11\/banner-fsv-kolaz.jpg\" class=\"attachment-full size-full wp-image-2482\" alt=\"\" srcset=\"https:\/\/halarokujunior.fsv.cvut.cz\/wp-content\/uploads\/2022\/11\/banner-fsv-kolaz.jpg 1200w, https:\/\/halarokujunior.fsv.cvut.cz\/wp-content\/uploads\/2022\/11\/banner-fsv-kolaz-300x121.jpg 300w, https:\/\/halarokujunior.fsv.cvut.cz\/wp-content\/uploads\/2022\/11\/banner-fsv-kolaz-1024x414.jpg 1024w, https:\/\/halarokujunior.fsv.cvut.cz\/wp-content\/uploads\/2022\/11\/banner-fsv-kolaz-768x310.jpg 768w\" sizes=\"(max-width: 1200px) 100vw, 1200px\" \/>\t\t\t\t\t\t\t\t<\/a>\t\t\t\t<\/div>\n\t\t\t\t<\/div>\n\t\t\t\t\t<\/div>\n\t\t<\/div>\n\t\t\t\t\t<\/div>\n\t\t<\/section>\n\t\t\t\t<\/div>","protected":false},"excerpt":{"rendered":"<p>Moje Hala P\u0159ihl\u00e1\u0161en\u00ed POZOR!Prodlu\u017eujeme term\u00edn p\u0159ihla\u0161ov\u00e1n\u00ed do 24.&nbsp;3.&nbsp;2025 do 12:00 COMPETITION FOR HIGH SCHOOL STUDENTS Build a model and load it to the point of collapse Hala roku Junior Sout\u011b\u017e Hala roku Junior je ur\u010dena student\u016fm st\u0159edn\u00edch \u0161kol.\u00dakolem sout\u011b\u017e\u00edc\u00edch je navrhnout a vyrobit model stavebn\u00ed konstrukce dle konkr\u00e9tn\u00edho zad\u00e1n\u00ed a ten podrobit zat\u011b\u017eovac\u00ed zkou\u0161ce. The [&hellip;]<\/p>\n","protected":false},"author":4,"featured_media":0,"parent":0,"menu_order":0,"comment_status":"closed","ping_status":"closed","template":"elementor_header_footer","meta":{"footnotes":""},"class_list":["post-2483","page","type-page","status-publish","hentry"],"_links":{"self":[{"href":"https:\/\/halarokujunior.fsv.cvut.cz\/en\/wp-json\/wp\/v2\/pages\/2483","targetHints":{"allow":["GET"]}}],"collection":[{"href":"https:\/\/halarokujunior.fsv.cvut.cz\/en\/wp-json\/wp\/v2\/pages"}],"about":[{"href":"https:\/\/halarokujunior.fsv.cvut.cz\/en\/wp-json\/wp\/v2\/types\/page"}],"author":[{"embeddable":true,"href":"https:\/\/halarokujunior.fsv.cvut.cz\/en\/wp-json\/wp\/v2\/users\/4"}],"replies":[{"embeddable":true,"href":"https:\/\/halarokujunior.fsv.cvut.cz\/en\/wp-json\/wp\/v2\/comments?post=2483"}],"version-history":[{"count":13,"href":"https:\/\/halarokujunior.fsv.cvut.cz\/en\/wp-json\/wp\/v2\/pages\/2483\/revisions"}],"predecessor-version":[{"id":2751,"href":"https:\/\/halarokujunior.fsv.cvut.cz\/en\/wp-json\/wp\/v2\/pages\/2483\/revisions\/2751"}],"wp:attachment":[{"href":"https:\/\/halarokujunior.fsv.cvut.cz\/en\/wp-json\/wp\/v2\/media?parent=2483"}],"curies":[{"name":"wp","href":"https:\/\/api.w.org\/{rel}","templated":true}]}}